{"id":292,"date":"2023-04-13T01:17:00","date_gmt":"2023-04-13T01:17:00","guid":{"rendered":"http:\/\/box5267.temp.domains\/~bordures\/?page_id=292"},"modified":"2025-07-14T14:47:56","modified_gmt":"2025-07-14T14:47:56","slug":"bordures-et-trottoirs","status":"publish","type":"page","link":"https:\/\/borduresmirabex.com\/en\/bordures-et-trottoirs\/","title":{"rendered":"Curbs and Sidewalks"},"content":{"rendered":"<div data-elementor-type=\"wp-page\" data-elementor-id=\"292\" class=\"elementor elementor-292\" data-elementor-post-type=\"page\">\n\t\t\t\t\t\t<section class=\"elementor-section elementor-top-section elementor-element elementor-element-194df85 elementor-section-height-min-height elementor-section-boxed elementor-section-height-default elementor-section-items-middle\" data-id=\"194df85\" data-element_type=\"section\" data-e-type=\"section\" data-settings=\"{&quot;background_background&quot;:&quot;classic&quot;}\">\n\t\t\t\t\t\t\t<div class=\"elementor-background-overlay\"><\/div>\n\t\t\t\t\t\t\t<div class=\"elementor-container elementor-column-gap-default\">\n\t\t\t\t\t<div class=\"elementor-column elementor-col-100 elementor-top-column elementor-element elementor-element-558f2c4\" data-id=\"558f2c4\" data-element_type=\"column\" data-e-type=\"column\">\n\t\t\t<div class=\"elementor-widget-wrap elementor-element-populated\">\n\t\t\t\t\t\t<div class=\"elementor-element elementor-element-1faf764 elementor-widget elementor-widget-heading\" data-id=\"1faf764\" data-element_type=\"widget\" data-e-type=\"widget\" data-widget_type=\"heading.default\">\n\t\t\t\t<div class=\"elementor-widget-container\">\n\t\t\t\t\t<h2 class=\"elementor-heading-title elementor-size-default\">Curbs and Sidewalks<\/h2>\t\t\t\t<\/div>\n\t\t\t\t<\/div>\n\t\t\t\t\t<\/div>\n\t\t<\/div>\n\t\t\t\t\t<\/div>\n\t\t<\/section>\n\t\t\t\t<section class=\"elementor-section elementor-top-section elementor-element elementor-element-f27d991 elementor-section-boxed elementor-section-height-default elementor-section-height-default\" data-id=\"f27d991\" data-element_type=\"section\" data-e-type=\"section\" data-settings=\"{&quot;background_background&quot;:&quot;classic&quot;}\">\n\t\t\t\t\t\t<div class=\"elementor-container elementor-column-gap-extended\">\n\t\t\t\t\t<div class=\"elementor-column elementor-col-50 elementor-top-column elementor-element elementor-element-d92a8c6 animated-slow elementor-invisible\" data-id=\"d92a8c6\" data-element_type=\"column\" data-e-type=\"column\" data-settings=\"{&quot;animation&quot;:&quot;fadeInLeft&quot;}\">\n\t\t\t<div class=\"elementor-widget-wrap elementor-element-populated\">\n\t\t\t\t\t\t<section class=\"elementor-section elementor-inner-section elementor-element elementor-element-f5b895b elementor-section-boxed elementor-section-height-default elementor-section-height-default\" data-id=\"f5b895b\" data-element_type=\"section\" data-e-type=\"section\">\n\t\t\t\t\t\t<div class=\"elementor-container elementor-column-gap-default\">\n\t\t\t\t\t<div class=\"elementor-column elementor-col-100 elementor-inner-column elementor-element elementor-element-ff98f1a\" data-id=\"ff98f1a\" data-element_type=\"column\" data-e-type=\"column\">\n\t\t\t<div class=\"elementor-widget-wrap elementor-element-populated\">\n\t\t\t\t\t\t<div class=\"elementor-element elementor-element-a581995 elementor-widget__width-auto elementor-invisible elementor-widget elementor-widget-heading\" data-id=\"a581995\" data-element_type=\"widget\" data-e-type=\"widget\" data-settings=\"{&quot;_animation&quot;:&quot;zoomIn&quot;}\" data-widget_type=\"heading.default\">\n\t\t\t\t<div class=\"elementor-widget-container\">\n\t\t\t\t\t<p class=\"elementor-heading-title elementor-size-default\">OUR SERVICES\u200b\n<\/p>\t\t\t\t<\/div>\n\t\t\t\t<\/div>\n\t\t\t\t<div class=\"elementor-element elementor-element-831187b elementor-widget elementor-widget-heading\" data-id=\"831187b\" data-element_type=\"widget\" data-e-type=\"widget\" data-widget_type=\"heading.default\">\n\t\t\t\t<div class=\"elementor-widget-container\">\n\t\t\t\t\t<h4 class=\"elementor-heading-title elementor-size-default\">Curbs and Sidewalks<\/h4>\t\t\t\t<\/div>\n\t\t\t\t<\/div>\n\t\t\t\t<div class=\"elementor-element elementor-element-2f8ee61 elementor-widget elementor-widget-text-editor\" data-id=\"2f8ee61\" data-element_type=\"widget\" data-e-type=\"widget\" data-widget_type=\"text-editor.default\">\n\t\t\t\t<div class=\"elementor-widget-container\">\n\t\t\t\t\t\t\t\t\t<p><span style=\"font-weight: 400;\">Bienvenue chez Bordures et Trottoirs Mirabex, o\u00f9 nous excellons dans la fourniture de solutions de premier ordre pour tous vos besoins en mati\u00e8re de projets. Avec un accent sur l&#8217;excellence, nous sommes sp\u00e9cialis\u00e9s \u00e0 adapt\u00e9s \u00e0 des projets de diff\u00e9rentes envergures, des petites entreprises aux grands d\u00e9veloppements commerciaux. Notre \u00e9quipe exp\u00e9riment\u00e9e poss\u00e8de une expertise \u00e9tendue dans un large \u00e9ventail, garantissant que nous d\u00e9passons constamment les attentes de nos clients en fournissant des r\u00e9sultats exceptionnels.<\/span><\/p>\t\t\t\t\t\t\t\t<\/div>\n\t\t\t\t<\/div>\n\t\t\t\t\t<\/div>\n\t\t<\/div>\n\t\t\t\t\t<\/div>\n\t\t<\/section>\n\t\t\t\t\t<\/div>\n\t\t<\/div>\n\t\t\t\t<div class=\"elementor-column elementor-col-50 elementor-top-column elementor-element elementor-element-4981fbc animated-slow elementor-invisible\" data-id=\"4981fbc\" data-element_type=\"column\" data-e-type=\"column\" data-settings=\"{&quot;animation&quot;:&quot;fadeInRight&quot;,&quot;background_background&quot;:&quot;classic&quot;}\">\n\t\t\t<div class=\"elementor-widget-wrap elementor-element-populated\">\n\t\t\t\t\t\t<div class=\"elementor-element elementor-element-1524eb6 elementor-hidden-desktop elementor-widget elementor-widget-spacer\" data-id=\"1524eb6\" data-element_type=\"widget\" data-e-type=\"widget\" data-widget_type=\"spacer.default\">\n\t\t\t\t<div class=\"elementor-widget-container\">\n\t\t\t\t\t\t\t<div class=\"elementor-spacer\">\n\t\t\t<div class=\"elementor-spacer-inner\"><\/div>\n\t\t<\/div>\n\t\t\t\t\t\t<\/div>\n\t\t\t\t<\/div>\n\t\t\t\t\t<\/div>\n\t\t<\/div>\n\t\t\t\t\t<\/div>\n\t\t<\/section>\n\t\t\t\t<section class=\"elementor-section elementor-top-section elementor-element elementor-element-de1450c elementor-section-stretched elementor-reverse-tablet elementor-reverse-mobile elementor-section-boxed elementor-section-height-default elementor-section-height-default\" data-id=\"de1450c\" data-element_type=\"section\" data-e-type=\"section\" data-settings=\"{&quot;background_background&quot;:&quot;classic&quot;,&quot;stretch_section&quot;:&quot;section-stretched&quot;}\">\n\t\t\t\t\t\t<div class=\"elementor-container elementor-column-gap-extended\">\n\t\t\t\t\t<div class=\"elementor-column elementor-col-50 elementor-top-column elementor-element elementor-element-ca67d47 animated-slow elementor-invisible\" data-id=\"ca67d47\" data-element_type=\"column\" data-e-type=\"column\" data-settings=\"{&quot;animation&quot;:&quot;fadeInRight&quot;}\">\n\t\t\t<div class=\"elementor-widget-wrap elementor-element-populated\">\n\t\t\t\t\t\t<section class=\"elementor-section elementor-inner-section elementor-element elementor-element-ec07d7f elementor-section-boxed elementor-section-height-default elementor-section-height-default\" data-id=\"ec07d7f\" data-element_type=\"section\" data-e-type=\"section\">\n\t\t\t\t\t\t<div class=\"elementor-container elementor-column-gap-extended\">\n\t\t\t\t\t<div class=\"elementor-column elementor-col-100 elementor-inner-column elementor-element elementor-element-59d9fcf\" data-id=\"59d9fcf\" data-element_type=\"column\" data-e-type=\"column\">\n\t\t\t<div class=\"elementor-widget-wrap elementor-element-populated\">\n\t\t\t\t\t\t<div class=\"elementor-element elementor-element-c36806e elementor-widget elementor-widget-image\" data-id=\"c36806e\" data-element_type=\"widget\" data-e-type=\"widget\" data-widget_type=\"image.default\">\n\t\t\t\t<div class=\"elementor-widget-container\">\n\t\t\t\t\t\t\t\t\t\t\t\t\t\t\t<img fetchpriority=\"high\" decoding=\"async\" width=\"819\" height=\"1024\" src=\"https:\/\/i0.wp.com\/borduresmirabex.com\/wp-content\/uploads\/2023\/04\/Montoni-Projet-Renaud-Bray-Boisbriand-1.jpg?fit=819%2C1024&amp;ssl=1\" class=\"attachment-large size-large wp-image-160\" alt=\"\" srcset=\"https:\/\/i0.wp.com\/borduresmirabex.com\/wp-content\/uploads\/2023\/04\/Montoni-Projet-Renaud-Bray-Boisbriand-1.jpg?w=1440&amp;ssl=1 1440w, https:\/\/i0.wp.com\/borduresmirabex.com\/wp-content\/uploads\/2023\/04\/Montoni-Projet-Renaud-Bray-Boisbriand-1.jpg?resize=240%2C300&amp;ssl=1 240w, https:\/\/i0.wp.com\/borduresmirabex.com\/wp-content\/uploads\/2023\/04\/Montoni-Projet-Renaud-Bray-Boisbriand-1.jpg?resize=819%2C1024&amp;ssl=1 819w, https:\/\/i0.wp.com\/borduresmirabex.com\/wp-content\/uploads\/2023\/04\/Montoni-Projet-Renaud-Bray-Boisbriand-1.jpg?resize=768%2C960&amp;ssl=1 768w, https:\/\/i0.wp.com\/borduresmirabex.com\/wp-content\/uploads\/2023\/04\/Montoni-Projet-Renaud-Bray-Boisbriand-1.jpg?resize=1229%2C1536&amp;ssl=1 1229w\" sizes=\"(max-width: 819px) 100vw, 819px\" \/>\t\t\t\t\t\t\t\t\t\t\t\t\t\t\t<\/div>\n\t\t\t\t<\/div>\n\t\t\t\t\t<\/div>\n\t\t<\/div>\n\t\t\t\t\t<\/div>\n\t\t<\/section>\n\t\t\t\t\t<\/div>\n\t\t<\/div>\n\t\t\t\t<div class=\"elementor-column elementor-col-50 elementor-top-column elementor-element elementor-element-bcc5324 animated-slow elementor-invisible\" data-id=\"bcc5324\" data-element_type=\"column\" data-e-type=\"column\" data-settings=\"{&quot;animation&quot;:&quot;fadeInLeft&quot;}\">\n\t\t\t<div class=\"elementor-widget-wrap elementor-element-populated\">\n\t\t\t\t\t\t<section class=\"elementor-section elementor-inner-section elementor-element elementor-element-e7fcc93 elementor-section-boxed elementor-section-height-default elementor-section-height-default\" data-id=\"e7fcc93\" data-element_type=\"section\" data-e-type=\"section\">\n\t\t\t\t\t\t<div class=\"elementor-container elementor-column-gap-default\">\n\t\t\t\t\t<div class=\"elementor-column elementor-col-100 elementor-inner-column elementor-element elementor-element-20743ef\" data-id=\"20743ef\" data-element_type=\"column\" data-e-type=\"column\">\n\t\t\t<div class=\"elementor-widget-wrap elementor-element-populated\">\n\t\t\t\t\t\t<div class=\"elementor-element elementor-element-4396bb0 elementor-widget elementor-widget-heading\" data-id=\"4396bb0\" data-element_type=\"widget\" data-e-type=\"widget\" data-widget_type=\"heading.default\">\n\t\t\t\t<div class=\"elementor-widget-container\">\n\t\t\t\t\t<h4 class=\"elementor-heading-title elementor-size-default\">Why Choose Us?\u200b<\/h4>\t\t\t\t<\/div>\n\t\t\t\t<\/div>\n\t\t\t\t<div class=\"elementor-element elementor-element-a923a39 elementor-widget elementor-widget-text-editor\" data-id=\"a923a39\" data-element_type=\"widget\" data-e-type=\"widget\" data-widget_type=\"text-editor.default\">\n\t\t\t\t<div class=\"elementor-widget-container\">\n\t\t\t\t\t\t\t\t\t<p>Lorsqu&#8217;il s&#8217;agit de r\u00e9sultats remarquables et d&#8217;un service client in\u00e9gal\u00e9, votre recherche se termine avec Mirabex, l&#8217;entreprise de construction en qui vous pouvez avoir confiance. N&#8217;h\u00e9sitez pas \u00e0 nous contacter d\u00e8s aujourd&#8217;hui pour obtenir plus d&#8217;informations pour demander un devis gratuit pour votre projet \u00e0 venir.<\/p>\t\t\t\t\t\t\t\t<\/div>\n\t\t\t\t<\/div>\n\t\t\t\t<div class=\"elementor-element elementor-element-c9241a4 elementor-icon-list--layout-traditional elementor-list-item-link-full_width elementor-widget elementor-widget-icon-list\" data-id=\"c9241a4\" data-element_type=\"widget\" data-e-type=\"widget\" data-widget_type=\"icon-list.default\">\n\t\t\t\t<div class=\"elementor-widget-container\">\n\t\t\t\t\t\t\t<ul class=\"elementor-icon-list-items\">\n\t\t\t\t\t\t\t<li class=\"elementor-icon-list-item\">\n\t\t\t\t\t\t\t\t\t\t\t<a href=\"#\">\n\n\t\t\t\t\t\t\t\t\t\t\t\t<span class=\"elementor-icon-list-icon\">\n\t\t\t\t\t\t\t<i aria-hidden=\"true\" class=\"fas fa-check-circle\"><\/i>\t\t\t\t\t\t<\/span>\n\t\t\t\t\t\t\t\t\t\t<span class=\"elementor-icon-list-text\">Experienced team with a track record of delivering exceptional results<\/span>\n\t\t\t\t\t\t\t\t\t\t\t<\/a>\n\t\t\t\t\t\t\t\t\t<\/li>\n\t\t\t\t\t\t\t\t<li class=\"elementor-icon-list-item\">\n\t\t\t\t\t\t\t\t\t\t\t<a href=\"#\">\n\n\t\t\t\t\t\t\t\t\t\t\t\t<span class=\"elementor-icon-list-icon\">\n\t\t\t\t\t\t\t<i aria-hidden=\"true\" class=\"fas fa-check-circle\"><\/i>\t\t\t\t\t\t<\/span>\n\t\t\t\t\t\t\t\t\t\t<span class=\"elementor-icon-list-text\">Customized solutions that meet your specific needs and budget requirements<\/span>\n\t\t\t\t\t\t\t\t\t\t\t<\/a>\n\t\t\t\t\t\t\t\t\t<\/li>\n\t\t\t\t\t\t\t\t<li class=\"elementor-icon-list-item\">\n\t\t\t\t\t\t\t\t\t\t\t<a href=\"#\">\n\n\t\t\t\t\t\t\t\t\t\t\t\t<span class=\"elementor-icon-list-icon\">\n\t\t\t\t\t\t\t<i aria-hidden=\"true\" class=\"fas fa-check-circle\"><\/i>\t\t\t\t\t\t<\/span>\n\t\t\t\t\t\t\t\t\t\t<span class=\"elementor-icon-list-text\">Open lines of communication and dedicated customer service throughout the entire construction process.<\/span>\n\t\t\t\t\t\t\t\t\t\t\t<\/a>\n\t\t\t\t\t\t\t\t\t<\/li>\n\t\t\t\t\t\t<\/ul>\n\t\t\t\t\t\t<\/div>\n\t\t\t\t<\/div>\n\t\t\t\t\t<\/div>\n\t\t<\/div>\n\t\t\t\t\t<\/div>\n\t\t<\/section>\n\t\t\t\t\t<\/div>\n\t\t<\/div>\n\t\t\t\t\t<\/div>\n\t\t<\/section>\n\t\t\t\t<section class=\"elementor-section elementor-top-section elementor-element elementor-element-cf477dd elementor-section-boxed elementor-section-height-default elementor-section-height-default\" data-id=\"cf477dd\" data-element_type=\"section\" data-e-type=\"section\" data-settings=\"{&quot;background_background&quot;:&quot;classic&quot;}\">\n\t\t\t\t\t\t\t<div class=\"elementor-background-overlay\"><\/div>\n\t\t\t\t\t\t\t<div class=\"elementor-container elementor-column-gap-extended\">\n\t\t\t\t\t<div class=\"elementor-column elementor-col-100 elementor-top-column elementor-element elementor-element-a0e4e7c\" data-id=\"a0e4e7c\" data-element_type=\"column\" data-e-type=\"column\">\n\t\t\t<div class=\"elementor-widget-wrap elementor-element-populated\">\n\t\t\t\t\t\t<div class=\"elementor-element elementor-element-f4f93d3 elementor-widget elementor-widget-heading\" data-id=\"f4f93d3\" data-element_type=\"widget\" data-e-type=\"widget\" data-widget_type=\"heading.default\">\n\t\t\t\t<div class=\"elementor-widget-container\">\n\t\t\t\t\t<h3 class=\"elementor-heading-title elementor-size-default\">View Our Latest Completed Projects\n<\/h3>\t\t\t\t<\/div>\n\t\t\t\t<\/div>\n\t\t\t\t<div class=\"elementor-element elementor-element-7fcd425 elementor-align-center elementor-widget elementor-widget-button\" data-id=\"7fcd425\" data-element_type=\"widget\" data-e-type=\"widget\" data-widget_type=\"button.default\">\n\t\t\t\t<div class=\"elementor-widget-container\">\n\t\t\t\t\t\t\t\t\t<div class=\"elementor-button-wrapper\">\n\t\t\t\t\t<a class=\"elementor-button elementor-button-link elementor-size-sm\" href=\"https:\/\/borduresmirabex.com\/en\/project-details\/\">\n\t\t\t\t\t\t<span class=\"elementor-button-content-wrapper\">\n\t\t\t\t\t\t\t\t\t<span class=\"elementor-button-text\">VIEW OUR PROJECTS<\/span>\n\t\t\t\t\t<\/span>\n\t\t\t\t\t<\/a>\n\t\t\t\t<\/div>\n\t\t\t\t\t\t\t\t<\/div>\n\t\t\t\t<\/div>\n\t\t\t\t\t<\/div>\n\t\t<\/div>\n\t\t\t\t\t<\/div>\n\t\t<\/section>\n\t\t\t\t<\/div>","protected":false},"excerpt":{"rendered":"<p>Bordures et Trottoirs NOS SERVICES Bordures et Trottoirs Bienvenue chez Bordures et Trottoirs Mirabex, o\u00f9 nous excellons dans la fourniture de solutions de premier ordre pour tous vos besoins en mati\u00e8re de projets. Avec un accent sur l&#8217;excellence, nous sommes sp\u00e9cialis\u00e9s \u00e0 adapt\u00e9s \u00e0 des projets de diff\u00e9rentes envergures, des petites entreprises aux grands d\u00e9veloppements [&hellip;]<\/p>\n","protected":false},"author":1,"featured_media":0,"parent":0,"menu_order":0,"comment_status":"closed","ping_status":"closed","template":"","meta":{"nf_dc_page":"","om_disable_all_campaigns":false,"_monsterinsights_skip_tracking":false,"_monsterinsights_sitenote_active":false,"_monsterinsights_sitenote_note":"","_monsterinsights_sitenote_category":0,"ocean_post_layout":"full-screen","ocean_both_sidebars_style":"","ocean_both_sidebars_content_width":0,"ocean_both_sidebars_sidebars_width":0,"ocean_sidebar":"0","ocean_second_sidebar":"0","ocean_disable_margins":"enable","ocean_add_body_class":"","ocean_shortcode_before_top_bar":"","ocean_shortcode_after_top_bar":"","ocean_shortcode_before_header":"","ocean_shortcode_after_header":"","ocean_has_shortcode":"","ocean_shortcode_after_title":"","ocean_shortcode_before_footer_widgets":"","ocean_shortcode_after_footer_widgets":"","ocean_shortcode_before_footer_bottom":"","ocean_shortcode_after_footer_bottom":"","ocean_display_top_bar":"default","ocean_display_header":"default","ocean_header_style":"","ocean_center_header_left_menu":"0","ocean_custom_header_template":"0","ocean_custom_logo":0,"ocean_custom_retina_logo":0,"ocean_custom_logo_max_width":0,"ocean_custom_logo_tablet_max_width":0,"ocean_custom_logo_mobile_max_width":0,"ocean_custom_logo_max_height":0,"ocean_custom_logo_tablet_max_height":0,"ocean_custom_logo_mobile_max_height":0,"ocean_header_custom_menu":"0","ocean_menu_typo_font_family":"0","ocean_menu_typo_font_subset":"","ocean_menu_typo_font_size":0,"ocean_menu_typo_font_size_tablet":0,"ocean_menu_typo_font_size_mobile":0,"ocean_menu_typo_font_size_unit":"px","ocean_menu_typo_font_weight":"","ocean_menu_typo_font_weight_tablet":"","ocean_menu_typo_font_weight_mobile":"","ocean_menu_typo_transform":"","ocean_menu_typo_transform_tablet":"","ocean_menu_typo_transform_mobile":"","ocean_menu_typo_line_height":0,"ocean_menu_typo_line_height_tablet":0,"ocean_menu_typo_line_height_mobile":0,"ocean_menu_typo_line_height_unit":"","ocean_menu_typo_spacing":0,"ocean_menu_typo_spacing_tablet":0,"ocean_menu_typo_spacing_mobile":0,"ocean_menu_typo_spacing_unit":"","ocean_menu_link_color":"","ocean_menu_link_color_hover":"","ocean_menu_link_color_active":"","ocean_menu_link_background":"","ocean_menu_link_hover_background":"","ocean_menu_link_active_background":"","ocean_menu_social_links_bg":"","ocean_menu_social_hover_links_bg":"","ocean_menu_social_links_color":"","ocean_menu_social_hover_links_color":"","ocean_disable_title":"on","ocean_disable_heading":"on","ocean_post_title":"","ocean_post_subheading":"","ocean_post_title_style":"","ocean_post_title_background_color":"","ocean_post_title_background":0,"ocean_post_title_bg_image_position":"","ocean_post_title_bg_image_attachment":"","ocean_post_title_bg_image_repeat":"","ocean_post_title_bg_image_size":"","ocean_post_title_height":0,"ocean_post_title_bg_overlay":0.5,"ocean_post_title_bg_overlay_color":"","ocean_disable_breadcrumbs":"default","ocean_breadcrumbs_color":"","ocean_breadcrumbs_separator_color":"","ocean_breadcrumbs_links_color":"","ocean_breadcrumbs_links_hover_color":"","ocean_display_footer_widgets":"default","ocean_display_footer_bottom":"default","ocean_custom_footer_template":"0","footnotes":""},"class_list":["post-292","page","type-page","status-publish","hentry","entry"],"yoast_head":"<!-- This site is optimized with the Yoast SEO plugin v27.4 - https:\/\/yoast.com\/product\/yoast-seo-wordpress\/ -->\n<title>Bordures et Trottoirs - Bordures &amp; Trottoirs Mirabex<\/title>\n<meta name=\"robots\" content=\"index, follow, max-snippet:-1, max-image-preview:large, max-video-preview:-1\" \/>\n<link rel=\"canonical\" href=\"https:\/\/borduresmirabex.com\/en\/bordures-et-trottoirs\/\" \/>\n<meta property=\"og:locale\" content=\"en_US\" \/>\n<meta property=\"og:type\" content=\"article\" \/>\n<meta property=\"og:title\" content=\"Bordures et Trottoirs - Bordures &amp; Trottoirs Mirabex\" \/>\n<meta property=\"og:description\" content=\"Bordures et Trottoirs NOS SERVICES Bordures et Trottoirs Bienvenue chez Bordures et Trottoirs Mirabex, o\u00f9 nous excellons dans la fourniture de solutions de premier ordre pour tous vos besoins en mati\u00e8re de projets. Avec un accent sur l&#8217;excellence, nous sommes sp\u00e9cialis\u00e9s \u00e0 adapt\u00e9s \u00e0 des projets de diff\u00e9rentes envergures, des petites entreprises aux grands d\u00e9veloppements [&hellip;]\" \/>\n<meta property=\"og:url\" content=\"https:\/\/borduresmirabex.com\/en\/bordures-et-trottoirs\/\" \/>\n<meta property=\"og:site_name\" content=\"Bordures &amp; Trottoirs Mirabex\" \/>\n<meta property=\"article:modified_time\" content=\"2025-07-14T14:47:56+00:00\" \/>\n<meta property=\"og:image\" content=\"https:\/\/borduresmirabex.com\/wp-content\/uploads\/2023\/04\/Montoni-Projet-Renaud-Bray-Boisbriand-1-819x1024.jpg\" \/>\n<meta name=\"twitter:card\" content=\"summary_large_image\" \/>\n<meta name=\"twitter:label1\" content=\"Est. reading time\" \/>\n\t<meta name=\"twitter:data1\" content=\"1 minute\" \/>\n<script type=\"application\/ld+json\" class=\"yoast-schema-graph\">{\"@context\":\"https:\\\/\\\/schema.org\",\"@graph\":[{\"@type\":\"WebPage\",\"@id\":\"https:\\\/\\\/borduresmirabex.com\\\/bordures-et-trottoirs\\\/\",\"url\":\"https:\\\/\\\/borduresmirabex.com\\\/bordures-et-trottoirs\\\/\",\"name\":\"Bordures et Trottoirs - Bordures &amp; Trottoirs Mirabex\",\"isPartOf\":{\"@id\":\"https:\\\/\\\/borduresmirabex.com\\\/#website\"},\"primaryImageOfPage\":{\"@id\":\"https:\\\/\\\/borduresmirabex.com\\\/bordures-et-trottoirs\\\/#primaryimage\"},\"image\":{\"@id\":\"https:\\\/\\\/borduresmirabex.com\\\/bordures-et-trottoirs\\\/#primaryimage\"},\"thumbnailUrl\":\"https:\\\/\\\/borduresmirabex.com\\\/wp-content\\\/uploads\\\/2023\\\/04\\\/Montoni-Projet-Renaud-Bray-Boisbriand-1-819x1024.jpg\",\"datePublished\":\"2023-04-13T01:17:00+00:00\",\"dateModified\":\"2025-07-14T14:47:56+00:00\",\"breadcrumb\":{\"@id\":\"https:\\\/\\\/borduresmirabex.com\\\/bordures-et-trottoirs\\\/#breadcrumb\"},\"inLanguage\":\"en-CA\",\"potentialAction\":[{\"@type\":\"ReadAction\",\"target\":[\"https:\\\/\\\/borduresmirabex.com\\\/bordures-et-trottoirs\\\/\"]}]},{\"@type\":\"ImageObject\",\"inLanguage\":\"en-CA\",\"@id\":\"https:\\\/\\\/borduresmirabex.com\\\/bordures-et-trottoirs\\\/#primaryimage\",\"url\":\"https:\\\/\\\/borduresmirabex.com\\\/wp-content\\\/uploads\\\/2023\\\/04\\\/Montoni-Projet-Renaud-Bray-Boisbriand-1-819x1024.jpg\",\"contentUrl\":\"https:\\\/\\\/borduresmirabex.com\\\/wp-content\\\/uploads\\\/2023\\\/04\\\/Montoni-Projet-Renaud-Bray-Boisbriand-1-819x1024.jpg\"},{\"@type\":\"BreadcrumbList\",\"@id\":\"https:\\\/\\\/borduresmirabex.com\\\/bordures-et-trottoirs\\\/#breadcrumb\",\"itemListElement\":[{\"@type\":\"ListItem\",\"position\":1,\"name\":\"Home\",\"item\":\"https:\\\/\\\/borduresmirabex.com\\\/\"},{\"@type\":\"ListItem\",\"position\":2,\"name\":\"Bordures et Trottoirs\"}]},{\"@type\":\"WebSite\",\"@id\":\"https:\\\/\\\/borduresmirabex.com\\\/#website\",\"url\":\"https:\\\/\\\/borduresmirabex.com\\\/\",\"name\":\"Bordures &amp; Trottoirs Mirabex\",\"description\":\"\",\"potentialAction\":[{\"@type\":\"SearchAction\",\"target\":{\"@type\":\"EntryPoint\",\"urlTemplate\":\"https:\\\/\\\/borduresmirabex.com\\\/?s={search_term_string}\"},\"query-input\":{\"@type\":\"PropertyValueSpecification\",\"valueRequired\":true,\"valueName\":\"search_term_string\"}}],\"inLanguage\":\"en-CA\"}]}<\/script>\n<!-- \/ Yoast SEO plugin. -->","yoast_head_json":{"title":"Bordures et Trottoirs - Bordures &amp; Trottoirs Mirabex","robots":{"index":"index","follow":"follow","max-snippet":"max-snippet:-1","max-image-preview":"max-image-preview:large","max-video-preview":"max-video-preview:-1"},"canonical":"https:\/\/borduresmirabex.com\/en\/bordures-et-trottoirs\/","og_locale":"en_US","og_type":"article","og_title":"Bordures et Trottoirs - Bordures &amp; Trottoirs Mirabex","og_description":"Bordures et Trottoirs NOS SERVICES Bordures et Trottoirs Bienvenue chez Bordures et Trottoirs Mirabex, o\u00f9 nous excellons dans la fourniture de solutions de premier ordre pour tous vos besoins en mati\u00e8re de projets. Avec un accent sur l&#8217;excellence, nous sommes sp\u00e9cialis\u00e9s \u00e0 adapt\u00e9s \u00e0 des projets de diff\u00e9rentes envergures, des petites entreprises aux grands d\u00e9veloppements [&hellip;]","og_url":"https:\/\/borduresmirabex.com\/en\/bordures-et-trottoirs\/","og_site_name":"Bordures &amp; Trottoirs Mirabex","article_modified_time":"2025-07-14T14:47:56+00:00","og_image":[{"url":"https:\/\/borduresmirabex.com\/wp-content\/uploads\/2023\/04\/Montoni-Projet-Renaud-Bray-Boisbriand-1-819x1024.jpg","type":"","width":"","height":""}],"twitter_card":"summary_large_image","twitter_misc":{"Est. reading time":"1 minute"},"schema":{"@context":"https:\/\/schema.org","@graph":[{"@type":"WebPage","@id":"https:\/\/borduresmirabex.com\/bordures-et-trottoirs\/","url":"https:\/\/borduresmirabex.com\/bordures-et-trottoirs\/","name":"Bordures et Trottoirs - Bordures &amp; Trottoirs Mirabex","isPartOf":{"@id":"https:\/\/borduresmirabex.com\/#website"},"primaryImageOfPage":{"@id":"https:\/\/borduresmirabex.com\/bordures-et-trottoirs\/#primaryimage"},"image":{"@id":"https:\/\/borduresmirabex.com\/bordures-et-trottoirs\/#primaryimage"},"thumbnailUrl":"https:\/\/borduresmirabex.com\/wp-content\/uploads\/2023\/04\/Montoni-Projet-Renaud-Bray-Boisbriand-1-819x1024.jpg","datePublished":"2023-04-13T01:17:00+00:00","dateModified":"2025-07-14T14:47:56+00:00","breadcrumb":{"@id":"https:\/\/borduresmirabex.com\/bordures-et-trottoirs\/#breadcrumb"},"inLanguage":"en-CA","potentialAction":[{"@type":"ReadAction","target":["https:\/\/borduresmirabex.com\/bordures-et-trottoirs\/"]}]},{"@type":"ImageObject","inLanguage":"en-CA","@id":"https:\/\/borduresmirabex.com\/bordures-et-trottoirs\/#primaryimage","url":"https:\/\/borduresmirabex.com\/wp-content\/uploads\/2023\/04\/Montoni-Projet-Renaud-Bray-Boisbriand-1-819x1024.jpg","contentUrl":"https:\/\/borduresmirabex.com\/wp-content\/uploads\/2023\/04\/Montoni-Projet-Renaud-Bray-Boisbriand-1-819x1024.jpg"},{"@type":"BreadcrumbList","@id":"https:\/\/borduresmirabex.com\/bordures-et-trottoirs\/#breadcrumb","itemListElement":[{"@type":"ListItem","position":1,"name":"Home","item":"https:\/\/borduresmirabex.com\/"},{"@type":"ListItem","position":2,"name":"Bordures et Trottoirs"}]},{"@type":"WebSite","@id":"https:\/\/borduresmirabex.com\/#website","url":"https:\/\/borduresmirabex.com\/","name":"Bordures &amp; Trottoirs Mirabex","description":"","potentialAction":[{"@type":"SearchAction","target":{"@type":"EntryPoint","urlTemplate":"https:\/\/borduresmirabex.com\/?s={search_term_string}"},"query-input":{"@type":"PropertyValueSpecification","valueRequired":true,"valueName":"search_term_string"}}],"inLanguage":"en-CA"}]}},"jetpack_sharing_enabled":true,"_links":{"self":[{"href":"https:\/\/borduresmirabex.com\/en\/wp-json\/wp\/v2\/pages\/292","targetHints":{"allow":["GET"]}}],"collection":[{"href":"https:\/\/borduresmirabex.com\/en\/wp-json\/wp\/v2\/pages"}],"about":[{"href":"https:\/\/borduresmirabex.com\/en\/wp-json\/wp\/v2\/types\/page"}],"author":[{"embeddable":true,"href":"https:\/\/borduresmirabex.com\/en\/wp-json\/wp\/v2\/users\/1"}],"replies":[{"embeddable":true,"href":"https:\/\/borduresmirabex.com\/en\/wp-json\/wp\/v2\/comments?post=292"}],"version-history":[{"count":17,"href":"https:\/\/borduresmirabex.com\/en\/wp-json\/wp\/v2\/pages\/292\/revisions"}],"predecessor-version":[{"id":893,"href":"https:\/\/borduresmirabex.com\/en\/wp-json\/wp\/v2\/pages\/292\/revisions\/893"}],"wp:attachment":[{"href":"https:\/\/borduresmirabex.com\/en\/wp-json\/wp\/v2\/media?parent=292"}],"curies":[{"name":"wp","href":"https:\/\/api.w.org\/{rel}","templated":true}]}}